{"id":977,"date":"2024-01-06T17:45:50","date_gmt":"2024-01-06T15:45:50","guid":{"rendered":"http:\/\/lalineaverdebulevar.es\/?page_id=977"},"modified":"2025-11-16T14:16:43","modified_gmt":"2025-11-16T12:16:43","slug":"cupones-de-comidas","status":"publish","type":"page","link":"http:\/\/lalineaverdebulevar.es\/es\/cupones-de-comidas\/","title":{"rendered":"Cup\u00f3nes"},"content":{"rendered":"<figure class=\"wp-block-image size-large\"><img loading=\"lazy\" decoding=\"async\" width=\"1024\" height=\"726\" src=\"http:\/\/lalineaverdebulevar.es\/wp-content\/uploads\/2025\/11\/LLV-RELAUNCH-Cupones-de-comidas-PROMO-1024x726.png\" alt=\"\" class=\"wp-image-1396\" srcset=\"http:\/\/lalineaverdebulevar.es\/wp-content\/uploads\/2025\/11\/LLV-RELAUNCH-Cupones-de-comidas-PROMO-1024x726.png 1024w, http:\/\/lalineaverdebulevar.es\/wp-content\/uploads\/2025\/11\/LLV-RELAUNCH-Cupones-de-comidas-PROMO-300x213.png 300w, http:\/\/lalineaverdebulevar.es\/wp-content\/uploads\/2025\/11\/LLV-RELAUNCH-Cupones-de-comidas-PROMO-768x545.png 768w, http:\/\/lalineaverdebulevar.es\/wp-content\/uploads\/2025\/11\/LLV-RELAUNCH-Cupones-de-comidas-PROMO-1536x1090.png 1536w, http:\/\/lalineaverdebulevar.es\/wp-content\/uploads\/2025\/11\/LLV-RELAUNCH-Cupones-de-comidas-PROMO-18x12.png 18w, http:\/\/lalineaverdebulevar.es\/wp-content\/uploads\/2025\/11\/LLV-RELAUNCH-Cupones-de-comidas-PROMO-140x100.png 140w, http:\/\/lalineaverdebulevar.es\/wp-content\/uploads\/2025\/11\/LLV-RELAUNCH-Cupones-de-comidas-PROMO.png 1748w\" sizes=\"auto, (max-width: 1024px) 100vw, 1024px\" \/><\/figure>\n\n\n\n<p>\u00bfEst\u00e1s buscando un delicioso regalo para tus amigos y familia?<br>\u00a1Presentamos nuestros cup\u00f3nes!<\/p>\n\n\n\n<ul class=\"wp-block-list\">\n<li>Cup\u00f3n de comidas de Plato del d\u00eda con postre 5x veces (37 euros)<\/li>\n\n\n\n<li>Cup\u00f3n de comidas de Plato del d\u00eda con postre para 2 personas (16 euros)<\/li>\n\n\n\n<li>Cup\u00f3n de tarta de 8 porciones (20 euros - pedir con m\u00ednimo 3 d\u00edas antes)<\/li>\n<\/ul>\n\n\n\n<p>Compra los cup\u00f3nes en La L\u00ednea Verde en nuestro horario (L-V 15:00 - 19:00).<\/p>\n\n\n\n<p>Esperamos verte!<\/p>","protected":false},"excerpt":{"rendered":"<p>Are you looking for a delicious gift for your friends and family?We are introducing our meal vouchers! You can buy the vouchers in La L\u00ednea Verde in our opening hours (M-F 15:00 &#8211; 19:00). We look forward to seeing you!<\/p>","protected":false},"author":1,"featured_media":0,"parent":0,"menu_order":0,"comment_status":"closed","ping_status":"closed","template":"","meta":{"footnotes":""},"class_list":["post-977","page","type-page","status-publish","hentry"],"_links":{"self":[{"href":"http:\/\/lalineaverdebulevar.es\/es\/wp-json\/wp\/v2\/pages\/977","targetHints":{"allow":["GET"]}}],"collection":[{"href":"http:\/\/lalineaverdebulevar.es\/es\/wp-json\/wp\/v2\/pages"}],"about":[{"href":"http:\/\/lalineaverdebulevar.es\/es\/wp-json\/wp\/v2\/types\/page"}],"author":[{"embeddable":true,"href":"http:\/\/lalineaverdebulevar.es\/es\/wp-json\/wp\/v2\/users\/1"}],"replies":[{"embeddable":true,"href":"http:\/\/lalineaverdebulevar.es\/es\/wp-json\/wp\/v2\/comments?post=977"}],"version-history":[{"count":5,"href":"http:\/\/lalineaverdebulevar.es\/es\/wp-json\/wp\/v2\/pages\/977\/revisions"}],"predecessor-version":[{"id":1399,"href":"http:\/\/lalineaverdebulevar.es\/es\/wp-json\/wp\/v2\/pages\/977\/revisions\/1399"}],"wp:attachment":[{"href":"http:\/\/lalineaverdebulevar.es\/es\/wp-json\/wp\/v2\/media?parent=977"}],"curies":[{"name":"wp","href":"https:\/\/api.w.org\/{rel}","templated":true}]}}